{"id":2553,"date":"2022-03-18T07:06:48","date_gmt":"2022-03-18T07:06:48","guid":{"rendered":"http:\/\/senegalibtours.local\/?page_id=2553"},"modified":"2026-04-04T03:09:54","modified_gmt":"2026-04-04T01:09:54","slug":"qui-sommes-nous","status":"publish","type":"page","link":"https:\/\/senegal-lib-tour.sn\/en\/qui-sommes-nous\/","title":{"rendered":"About Us"},"content":{"rendered":"<p>Mame Souleymane Diop, aka Jules, has been in the tourism business for 10 years, and has a proven track record in welcoming visitors. Today, he has set up his own travel agency, SENEGALIB\u2019 TOURS, offering a range of \u00e0 la carte services to enable you to travel freely throughout Senegal.<\/p>\n\n\n\n<p>At SENEGALIB\u2019 TOURS, professionalism and rigor are our top priorities when welcoming professionals on assignment or tourists on vacation. But it's also about human relations and the pleasure of sharing convivial moments. Conquered, many of our visitors have now become friends who encourage this new professional step.<\/p>\n\n\n\n<p>SENEGALIB\u2019 TOURS is based in the heart of Saint-Louis, a magical city on a human scale between the river and the ocean on the Senegal-Mauritania border. Saint-Louis offers visitors the beauty of its architecture, the uniqueness of its rich history and the generosity of its people. It's no coincidence that today it's the capital of Teranga, <em>\u00abhospitality in Wolof\u00bb<\/em> SENEGALIB\u2019 TOURS has offices in Saint-Louis and Dakar.<\/p>\n\n\n\n<h4 class=\"wp-block-heading\" style=\"margin-bottom:var(--wp--preset--spacing--40)\">Our principles<\/h4>\n\n\n\n<ul class=\"wp-block-list\">\n<li>Always maintain direct, friendly contact<\/li>\n\n\n\n<li>To enable visitors to meet Senegalese people and share moments in their daily lives.<\/li>\n\n\n\n<li>Offer authentic encounters that combine the discovery of local cultures and traditions, awareness of the beauty and fragility of the environment, sharing and solidarity.<\/li>\n\n\n\n<li>Listening to customers while seeking out new services to offer them.<\/li>\n<\/ul>","protected":false},"excerpt":{"rendered":"<p>About Travel Nomad Wholesome Travel Experiences A new journey begin here within, find a destination that suits you and start travelling. We offer best travel packages. As the travel market grows further in India so does issues of security and safety of foreigners travelling to India every year. Though government is doing its bit, there [&hellip;]<\/p>\n","protected":false},"author":1,"featured_media":12689,"parent":0,"menu_order":0,"comment_status":"closed","ping_status":"closed","template":"","meta":{"_acf_changed":false,"_seopress_robots_primary_cat":"","_seopress_titles_title":"%%post_title%% %%sep%% %%sitetitle%%","_seopress_titles_desc":"SENEGALIB' TOURS, agence de voyages bas\u00e9e \u00e0 Saint-Louis, vous propose une gamme de services \u00e0 la carte qui vous permet de voyager librement partout au S\u00e9n\u00e9gal.","_seopress_robots_index":"","site-sidebar-layout":"default","site-content-layout":"","ast-site-content-layout":"default","site-content-style":"default","site-sidebar-style":"default","ast-global-header-display":"","ast-banner-title-visibility":"","ast-main-header-display":"","ast-hfb-above-header-display":"","ast-hfb-below-header-display":"","ast-hfb-mobile-header-display":"","site-post-title":"","ast-breadcrumbs-content":"","ast-featured-img":"","footer-sml-layout":"","ast-disable-related-posts":"","theme-transparent-header-meta":"","adv-header-id-meta":"","stick-header-meta":"","header-above-stick-meta":"","header-main-stick-meta":"","header-below-stick-meta":"","astra-migrate-meta-layouts":"default","ast-page-background-enabled":"default","ast-page-background-meta":{"desktop":{"background-color":"var(--ast-global-color-4)","background-image":"","background-repeat":"repeat","background-position":"center center","background-size":"auto","background-attachment":"scroll","background-type":"","background-media":"","overlay-type":"","overlay-color":"","overlay-opacity":"","overlay-gradient":""},"tablet":{"background-color":"","background-image":"","background-repeat":"repeat","background-position":"center center","background-size":"auto","background-attachment":"scroll","background-type":"","background-media":"","overlay-type":"","overlay-color":"","overlay-opacity":"","overlay-gradient":""},"mobile":{"background-color":"","background-image":"","background-repeat":"repeat","background-position":"center center","background-size":"auto","background-attachment":"scroll","background-type":"","background-media":"","overlay-type":"","overlay-color":"","overlay-opacity":"","overlay-gradient":""}},"ast-content-background-meta":{"desktop":{"background-color":"var(--ast-global-color-5)","background-image":"","background-repeat":"repeat","background-position":"center center","background-size":"auto","background-attachment":"scroll","background-type":"","background-media":"","overlay-type":"","overlay-color":"","overlay-opacity":"","overlay-gradient":""},"tablet":{"background-color":"var(--ast-global-color-5)","background-image":"","background-repeat":"repeat","background-position":"center center","background-size":"auto","background-attachment":"scroll","background-type":"","background-media":"","overlay-type":"","overlay-color":"","overlay-opacity":"","overlay-gradient":""},"mobile":{"background-color":"var(--ast-global-color-5)","background-image":"","background-repeat":"repeat","background-position":"center center","background-size":"auto","background-attachment":"scroll","background-type":"","background-media":"","overlay-type":"","overlay-color":"","overlay-opacity":"","overlay-gradient":""}},"footnotes":""},"class_list":["post-2553","page","type-page","status-publish","has-post-thumbnail","hentry"],"acf":[],"_links":{"self":[{"href":"https:\/\/senegal-lib-tour.sn\/en\/wp-json\/wp\/v2\/pages\/2553","targetHints":{"allow":["GET"]}}],"collection":[{"href":"https:\/\/senegal-lib-tour.sn\/en\/wp-json\/wp\/v2\/pages"}],"about":[{"href":"https:\/\/senegal-lib-tour.sn\/en\/wp-json\/wp\/v2\/types\/page"}],"author":[{"embeddable":true,"href":"https:\/\/senegal-lib-tour.sn\/en\/wp-json\/wp\/v2\/users\/1"}],"replies":[{"embeddable":true,"href":"https:\/\/senegal-lib-tour.sn\/en\/wp-json\/wp\/v2\/comments?post=2553"}],"version-history":[{"count":0,"href":"https:\/\/senegal-lib-tour.sn\/en\/wp-json\/wp\/v2\/pages\/2553\/revisions"}],"wp:featuredmedia":[{"embeddable":true,"href":"https:\/\/senegal-lib-tour.sn\/en\/wp-json\/wp\/v2\/media\/12689"}],"wp:attachment":[{"href":"https:\/\/senegal-lib-tour.sn\/en\/wp-json\/wp\/v2\/media?parent=2553"}],"curies":[{"name":"wp","href":"https:\/\/api.w.org\/{rel}","templated":true}]}}