{"id":7323,"date":"2026-01-17T02:07:19","date_gmt":"2026-01-17T01:07:19","guid":{"rendered":"http:\/\/senegalibtours.local\/?page_id=7323"},"modified":"2026-04-01T03:25:18","modified_gmt":"2026-04-01T01:25:18","slug":"custom-quote","status":"publish","type":"page","link":"https:\/\/senegal-lib-tour.sn\/en\/custom-quote\/","title":{"rendered":"Custom quote"},"content":{"rendered":"<div class=\"wp-block-group is-content-justification-left is-nowrap is-layout-flex wp-container-core-group-is-layout-fc9f69e7 wp-block-group-is-layout-flex\">\n<figure class=\"wp-block-image size-full\"><img decoding=\"async\" width=\"24\" height=\"24\" src=\"https:\/\/senegal-lib-tour.sn\/wp-content\/uploads\/2026\/03\/calendar-days-svgrepo-com.svg\" alt=\"calendar icon\" class=\"wp-image-12497\" data-no-translation=\"\" data-no-auto-translation=\"\"\/><\/figure>\n\n\n\n<p>Your arrival and departure dates<\/p>\n<\/div>\n\n\n\n<div class=\"wp-block-group is-content-justification-left is-nowrap is-layout-flex wp-container-core-group-is-layout-fc9f69e7 wp-block-group-is-layout-flex\">\n<figure class=\"wp-block-image size-full\"><img decoding=\"async\" width=\"16\" height=\"16\" src=\"https:\/\/senegal-lib-tour.sn\/wp-content\/uploads\/2026\/03\/map-pin-svgrepo-com.svg\" alt=\"map pin icon\" class=\"wp-image-12500\" style=\"object-fit:cover\" data-no-translation=\"\" data-no-auto-translation=\"\"\/><\/figure>\n\n\n\n<p>Regions to visit<\/p>\n<\/div>\n\n\n\n<div class=\"wp-block-group is-content-justification-left is-nowrap is-layout-flex wp-container-core-group-is-layout-fc9f69e7 wp-block-group-is-layout-flex\">\n<figure class=\"wp-block-image size-full\"><img decoding=\"async\" width=\"24\" height=\"24\" src=\"https:\/\/senegal-lib-tour.sn\/wp-content\/uploads\/2026\/03\/star-svgrepo-com-1.svg\" alt=\"star icon\" class=\"wp-image-12504\" style=\"object-fit:cover\" data-no-translation=\"\" data-no-auto-translation=\"\"\/><\/figure>\n\n\n\n<p>Your interests<br>(culture, nature, seaside, sports, gastronomy...)<\/p>\n<\/div>\n\n\n\n<div class=\"wp-block-group is-content-justification-left is-nowrap is-layout-flex wp-container-core-group-is-layout-fc9f69e7 wp-block-group-is-layout-flex\">\n<figure class=\"wp-block-image size-full\"><img loading=\"lazy\" decoding=\"async\" width=\"64\" height=\"64\" src=\"https:\/\/senegal-lib-tour.sn\/wp-content\/uploads\/2026\/03\/building-svgrepo-com.svg\" alt=\"building icon\" class=\"wp-image-12502\" style=\"object-fit:cover\" data-no-translation=\"\" data-no-auto-translation=\"\"\/><\/figure>\n\n\n\n<p>Your accommodation level<br>\u2b50\ufe0f, \u2b50\ufe0f\u2b50\ufe0f, \u2b50\ufe0f\u2b50\ufe0f\u2b50\ufe0f, \u2b50\ufe0f\u2b50\ufe0f\u2b50\ufe0f\u2b50\ufe0f, \u2b50\ufe0f\u2b50\ufe0f\u2b50\ufe0f\u2b50\ufe0f\u2b50\ufe0f<\/p>\n<\/div>\n\n\n\n<div class=\"wp-block-group is-content-justification-left is-nowrap is-layout-flex wp-container-core-group-is-layout-fc9f69e7 wp-block-group-is-layout-flex\">\n<figure class=\"wp-block-image size-full\"><img loading=\"lazy\" decoding=\"async\" width=\"32\" height=\"32\" src=\"https:\/\/senegal-lib-tour.sn\/wp-content\/uploads\/2026\/03\/wallet-svgrepo-com.svg\" alt=\"wallet svgrepo com\" class=\"wp-image-12503\" style=\"object-fit:cover\" data-no-translation=\"\" data-no-auto-translation=\"\"\/><\/figure>\n\n\n\n<p>Your budget<\/p>\n<\/div>","protected":false},"excerpt":{"rendered":"<p>Vos dates d&rsquo;arriv\u00e9e et de d\u00e9part Les r\u00e9gions \u00e0 visiter Vos centres d\u2019int\u00e9r\u00eat(culture, nature, baln\u00e9aire, sport, gastronomie\u2026) Votre niveau d&rsquo;h\u00e9bergement\u2b50\ufe0f, \u2b50\ufe0f\u2b50\ufe0f, \u2b50\ufe0f\u2b50\ufe0f\u2b50\ufe0f, \u2b50\ufe0f\u2b50\ufe0f\u2b50\ufe0f\u2b50\ufe0f, \u2b50\ufe0f\u2b50\ufe0f\u2b50\ufe0f\u2b50\ufe0f\u2b50\ufe0f Votre budget<\/p>","protected":false},"author":1,"featured_media":9488,"parent":0,"menu_order":0,"comment_status":"closed","ping_status":"closed","template":"","meta":{"_acf_changed":false,"_seopress_robots_primary_cat":"","_seopress_titles_title":"%%post_title%% %%sep%% %%sitetitle%%","_seopress_titles_desc":"Que vous souhaitiez un circuit, une excursion, un transfert priv\u00e9 ou un voyage d\u2019affaires au S\u00e9n\u00e9gal, nous cr\u00e9ons pour vous une exp\u00e9rience 100 % personnalis\u00e9e.","_seopress_robots_index":"","site-sidebar-layout":"no-sidebar","site-content-layout":"","ast-site-content-layout":"full-width-container","site-content-style":"default","site-sidebar-style":"default","ast-global-header-display":"disabled","ast-banner-title-visibility":"disabled","ast-main-header-display":"","ast-hfb-above-header-display":"","ast-hfb-below-header-display":"","ast-hfb-mobile-header-display":"","site-post-title":"","ast-breadcrumbs-content":"","ast-featured-img":"disabled","footer-sml-layout":"disabled","ast-disable-related-posts":"","theme-transparent-header-meta":"","adv-header-id-meta":"","stick-header-meta":"","header-above-stick-meta":"","header-main-stick-meta":"","header-below-stick-meta":"","astra-migrate-meta-layouts":"default","ast-page-background-enabled":"default","ast-page-background-meta":{"desktop":{"background-color":"var(--ast-global-color-4)","background-image":"","background-repeat":"repeat","background-position":"center center","background-size":"auto","background-attachment":"scroll","background-type":"","background-media":"","overlay-type":"","overlay-color":"","overlay-opacity":"","overlay-gradient":""},"tablet":{"background-color":"","background-image":"","background-repeat":"repeat","background-position":"center center","background-size":"auto","background-attachment":"scroll","background-type":"","background-media":"","overlay-type":"","overlay-color":"","overlay-opacity":"","overlay-gradient":""},"mobile":{"background-color":"","background-image":"","background-repeat":"repeat","background-position":"center center","background-size":"auto","background-attachment":"scroll","background-type":"","background-media":"","overlay-type":"","overlay-color":"","overlay-opacity":"","overlay-gradient":""}},"ast-content-background-meta":{"desktop":{"background-color":"var(--ast-global-color-5)","background-image":"","background-repeat":"repeat","background-position":"center center","background-size":"auto","background-attachment":"scroll","background-type":"","background-media":"","overlay-type":"","overlay-color":"","overlay-opacity":"","overlay-gradient":""},"tablet":{"background-color":"var(--ast-global-color-5)","background-image":"","background-repeat":"repeat","background-position":"center center","background-size":"auto","background-attachment":"scroll","background-type":"","background-media":"","overlay-type":"","overlay-color":"","overlay-opacity":"","overlay-gradient":""},"mobile":{"background-color":"var(--ast-global-color-5)","background-image":"","background-repeat":"repeat","background-position":"center center","background-size":"auto","background-attachment":"scroll","background-type":"","background-media":"","overlay-type":"","overlay-color":"","overlay-opacity":"","overlay-gradient":""}},"footnotes":""},"class_list":["post-7323","page","type-page","status-publish","has-post-thumbnail","hentry"],"acf":[],"_links":{"self":[{"href":"https:\/\/senegal-lib-tour.sn\/en\/wp-json\/wp\/v2\/pages\/7323","targetHints":{"allow":["GET"]}}],"collection":[{"href":"https:\/\/senegal-lib-tour.sn\/en\/wp-json\/wp\/v2\/pages"}],"about":[{"href":"https:\/\/senegal-lib-tour.sn\/en\/wp-json\/wp\/v2\/types\/page"}],"author":[{"embeddable":true,"href":"https:\/\/senegal-lib-tour.sn\/en\/wp-json\/wp\/v2\/users\/1"}],"replies":[{"embeddable":true,"href":"https:\/\/senegal-lib-tour.sn\/en\/wp-json\/wp\/v2\/comments?post=7323"}],"version-history":[{"count":0,"href":"https:\/\/senegal-lib-tour.sn\/en\/wp-json\/wp\/v2\/pages\/7323\/revisions"}],"wp:featuredmedia":[{"embeddable":true,"href":"https:\/\/senegal-lib-tour.sn\/en\/wp-json\/wp\/v2\/media\/9488"}],"wp:attachment":[{"href":"https:\/\/senegal-lib-tour.sn\/en\/wp-json\/wp\/v2\/media?parent=7323"}],"curies":[{"name":"wp","href":"https:\/\/api.w.org\/{rel}","templated":true}]}}