{"id":8253,"date":"2026-02-02T05:07:06","date_gmt":"2026-02-02T04:07:06","guid":{"rendered":"http:\/\/senegalibtours.local\/?page_id=8253"},"modified":"2026-04-10T01:56:24","modified_gmt":"2026-04-09T23:56:24","slug":"mentions-legales","status":"publish","type":"page","link":"https:\/\/senegal-lib-tour.sn\/en\/mentions-legales\/","title":{"rendered":"Legal Notice"},"content":{"rendered":"<p>Senegalib\u2019 Tours<br>Travel and tourism agency based in Saint-Louis - Senegal<br>Address: 1 Rue Khalifa Ababacar Sy, Saint-Louis<br>Telephone: +221 33 961 01 03<br>E-mail: contact@senegalibtours.com<br>Publishing director: Mame Souleymane Diop, dit Jules<\/p>\n\n\n\n<hr class=\"wp-block-separator has-alpha-channel-opacity\"\/>\n\n\n\n<h2 class=\"wp-block-heading\"><strong>Site hosting<\/strong><\/h2>\n\n\n\n<p>Website <a href=\"https:\/\/senegal-lib-tour.sn\">senegal-lib-tour.sn<\/a> hosted by :<br>OVH GROUPE (OVHCLOUD)<br>Address: 2 RUE KELLERMANN 59100 ROUBAIX<\/p>\n\n\n\n<hr class=\"wp-block-separator has-alpha-channel-opacity\"\/>\n\n\n\n<h3 class=\"wp-block-heading\"><strong>Intellectual property<\/strong><\/h3>\n\n\n\n<p>All content on the site (text, photos, videos, logos, graphics and technical elements) is protected and remains the exclusive property of S\u00e9n\u00e9galib\u2019 Tours.<br>Any unauthorized reproduction or use is strictly prohibited.<\/p>\n\n\n\n<hr class=\"wp-block-separator has-alpha-channel-opacity\"\/>\n\n\n\n<h3 class=\"wp-block-heading\"><strong>Data collection and protection<\/strong><\/h3>\n\n\n\n<p>Data transmitted via the website, WhatsApp or forms (contact, quotation, booking) are used solely to process requests.<br>They are neither sold nor exchanged.<br>You can request their modification or deletion at: contact@senegalibtours.com.<\/p>\n\n\n\n<hr class=\"wp-block-separator has-alpha-channel-opacity\"\/>\n\n\n\n<h3 class=\"wp-block-heading\"><strong>Cookies<\/strong><\/h3>\n\n\n\n<p>The site uses cookies to improve navigation, analyze traffic and optimize the user experience.<br>You can disable them via your browser settings.<\/p>\n\n\n\n<hr class=\"wp-block-separator has-alpha-channel-opacity\"\/>\n\n\n\n<h3 class=\"wp-block-heading\"><strong>Liability<\/strong><\/h3>\n\n\n\n<p>S\u00e9n\u00e9galib\u2019 Tours makes every effort to ensure that the information published is up-to-date and accurate, but cannot guarantee the absence of occasional errors or temporary site interruptions.<br>External links present on the site remain the responsibility of their respective publishers.<\/p>\n\n\n\n<hr class=\"wp-block-separator has-alpha-channel-opacity\"\/>\n\n\n\n<h3 class=\"wp-block-heading\">Contact page<\/h3>\n\n\n\n<p>For any request related to legal notices :<br>\ud83d\udce7 contact@senegalibtours.com<br>\ud83d\udcde +221 33 961 01 03<\/p>","protected":false},"excerpt":{"rendered":"<p>S\u00e9n\u00e9galib\u2019 ToursAgence de voyage et de tourisme bas\u00e9e \u00e0 Saint-Louis \u2013 S\u00e9n\u00e9galAdresse : 1 Rue Khalifa Ababacar Sy, Saint-LouisT\u00e9l\u00e9phone : +221 33 961 01 03E-mail : contact@senegalibtours.comDirecteur de publication : Mame Souleymane Diop, dit Jules H\u00e9bergement du site Site senegal-lib-tour.sn h\u00e9berg\u00e9 par :OVH GROUPE (OVHCLOUD)Adresse : 2 RUE KELLERMANN 59100 ROUBAIX Propri\u00e9t\u00e9 intellectuelle Tous les [&hellip;]<\/p>\n","protected":false},"author":1,"featured_media":0,"parent":0,"menu_order":0,"comment_status":"closed","ping_status":"closed","template":"","meta":{"_acf_changed":false,"_seopress_robots_primary_cat":"","_seopress_titles_title":"","_seopress_titles_desc":"","_seopress_robots_index":"","site-sidebar-layout":"default","site-content-layout":"","ast-site-content-layout":"default","site-content-style":"default","site-sidebar-style":"default","ast-global-header-display":"","ast-banner-title-visibility":"","ast-main-header-display":"","ast-hfb-above-header-display":"","ast-hfb-below-header-display":"","ast-hfb-mobile-header-display":"","site-post-title":"","ast-breadcrumbs-content":"","ast-featured-img":"","footer-sml-layout":"","ast-disable-related-posts":"","theme-transparent-header-meta":"","adv-header-id-meta":"","stick-header-meta":"","header-above-stick-meta":"","header-main-stick-meta":"","header-below-stick-meta":"","astra-migrate-meta-layouts":"default","ast-page-background-enabled":"default","ast-page-background-meta":{"desktop":{"background-color":"var(--ast-global-color-4)","background-image":"","background-repeat":"repeat","background-position":"center center","background-size":"auto","background-attachment":"scroll","background-type":"","background-media":"","overlay-type":"","overlay-color":"","overlay-opacity":"","overlay-gradient":""},"tablet":{"background-color":"","background-image":"","background-repeat":"repeat","background-position":"center center","background-size":"auto","background-attachment":"scroll","background-type":"","background-media":"","overlay-type":"","overlay-color":"","overlay-opacity":"","overlay-gradient":""},"mobile":{"background-color":"","background-image":"","background-repeat":"repeat","background-position":"center center","background-size":"auto","background-attachment":"scroll","background-type":"","background-media":"","overlay-type":"","overlay-color":"","overlay-opacity":"","overlay-gradient":""}},"ast-content-background-meta":{"desktop":{"background-color":"var(--ast-global-color-5)","background-image":"","background-repeat":"repeat","background-position":"center center","background-size":"auto","background-attachment":"scroll","background-type":"","background-media":"","overlay-type":"","overlay-color":"","overlay-opacity":"","overlay-gradient":""},"tablet":{"background-color":"var(--ast-global-color-5)","background-image":"","background-repeat":"repeat","background-position":"center center","background-size":"auto","background-attachment":"scroll","background-type":"","background-media":"","overlay-type":"","overlay-color":"","overlay-opacity":"","overlay-gradient":""},"mobile":{"background-color":"var(--ast-global-color-5)","background-image":"","background-repeat":"repeat","background-position":"center center","background-size":"auto","background-attachment":"scroll","background-type":"","background-media":"","overlay-type":"","overlay-color":"","overlay-opacity":"","overlay-gradient":""}},"footnotes":""},"class_list":["post-8253","page","type-page","status-publish","hentry"],"acf":[],"_links":{"self":[{"href":"https:\/\/senegal-lib-tour.sn\/en\/wp-json\/wp\/v2\/pages\/8253","targetHints":{"allow":["GET"]}}],"collection":[{"href":"https:\/\/senegal-lib-tour.sn\/en\/wp-json\/wp\/v2\/pages"}],"about":[{"href":"https:\/\/senegal-lib-tour.sn\/en\/wp-json\/wp\/v2\/types\/page"}],"author":[{"embeddable":true,"href":"https:\/\/senegal-lib-tour.sn\/en\/wp-json\/wp\/v2\/users\/1"}],"replies":[{"embeddable":true,"href":"https:\/\/senegal-lib-tour.sn\/en\/wp-json\/wp\/v2\/comments?post=8253"}],"version-history":[{"count":1,"href":"https:\/\/senegal-lib-tour.sn\/en\/wp-json\/wp\/v2\/pages\/8253\/revisions"}],"predecessor-version":[{"id":12986,"href":"https:\/\/senegal-lib-tour.sn\/en\/wp-json\/wp\/v2\/pages\/8253\/revisions\/12986"}],"wp:attachment":[{"href":"https:\/\/senegal-lib-tour.sn\/en\/wp-json\/wp\/v2\/media?parent=8253"}],"curies":[{"name":"wp","href":"https:\/\/api.w.org\/{rel}","templated":true}]}}