{"id":9361,"date":"2026-02-06T23:49:33","date_gmt":"2026-02-06T22:49:33","guid":{"rendered":"https:\/\/newsite.senegal-lib-tour.sn\/?page_id=9361"},"modified":"2026-04-15T04:43:12","modified_gmt":"2026-04-15T02:43:12","slug":"voyages-dentreprise","status":"publish","type":"page","link":"https:\/\/senegal-lib-tour.sn\/en\/voyages-dentreprise\/","title":{"rendered":"Corporate travel in Senegal"},"content":{"rendered":"<p>Immerse yourself in the world of business thanks to our expertise in organizing tailor-made corporate events, incentive trips, team building and seminars.<\/p>\n\n\n\n<p>From the moment you arrive at Blaise Diagne International Airport (AIBD), our assistance team will accompany you with professionalism. Take advantage of our premium transportation service and explore flexibility with our car rental options. From carefully selected accommodation to modern meeting rooms and customized catering options, every aspect of your event is designed to be memorable.<\/p>\n\n\n\n<p>Enjoy a stress-free corporate travel experience, where every detail is taken care of to orchestrate exceptional events, combining productivity and pleasure.<\/p>\n\n\n\n<p>Our corporate travel offer goes beyond the simple organization of events, incorporating cultural discoveries after working hours. Give your participants the chance to extend their experience with personalized excursions before they return home, turning your event into a complete and unforgettable experience.<\/p>\n\n\n\n<p><strong>Explore Senegal in style, where every detail has been thought of to make your trip an exceptional experience.<\/strong><\/p>","protected":false},"excerpt":{"rendered":"<p>Plongez dans le monde des affaires gr\u00e2ce \u00e0 notre expertise pour organiser sur mesure vos \u00e9v\u00e9nements d&rsquo;entreprise, voyages incentives, team buildings et s\u00e9minaires. D\u00e8s votre arriv\u00e9e \u00e0 l\u2019a\u00e9roport international Blaise Diagne (AIBD), notre \u00e9quipe d\u2019assistance vous accompagne avec professionnalisme. Profitez de notre service de transport haut de gamme et explorez la flexibilit\u00e9 avec nos options [&hellip;]<\/p>\n","protected":false},"author":1,"featured_media":8638,"parent":0,"menu_order":0,"comment_status":"closed","ping_status":"closed","template":"","meta":{"_acf_changed":false,"_seopress_robots_primary_cat":"","_seopress_titles_title":"%%post_title%% %%sep%% Team building, S\u00e9minaires %%sitetitle%%","_seopress_titles_desc":"Gr\u00e2ce \u00e0 son expertise S\u00e9n\u00e9galib' Tours organise sur mesure vos \u00e9v\u00e9nements d'entreprise, voyages incentives, team buildings et s\u00e9minaires.","_seopress_robots_index":"","site-sidebar-layout":"default","site-content-layout":"","ast-site-content-layout":"default","site-content-style":"default","site-sidebar-style":"default","ast-global-header-display":"","ast-banner-title-visibility":"","ast-main-header-display":"","ast-hfb-above-header-display":"","ast-hfb-below-header-display":"","ast-hfb-mobile-header-display":"","site-post-title":"","ast-breadcrumbs-content":"","ast-featured-img":"","footer-sml-layout":"","ast-disable-related-posts":"","theme-transparent-header-meta":"","adv-header-id-meta":"","stick-header-meta":"","header-above-stick-meta":"","header-main-stick-meta":"","header-below-stick-meta":"","astra-migrate-meta-layouts":"default","ast-page-background-enabled":"default","ast-page-background-meta":{"desktop":{"background-color":"var(--ast-global-color-4)","background-image":"","background-repeat":"repeat","background-position":"center center","background-size":"auto","background-attachment":"scroll","background-type":"","background-media":"","overlay-type":"","overlay-color":"","overlay-opacity":"","overlay-gradient":""},"tablet":{"background-color":"","background-image":"","background-repeat":"repeat","background-position":"center center","background-size":"auto","background-attachment":"scroll","background-type":"","background-media":"","overlay-type":"","overlay-color":"","overlay-opacity":"","overlay-gradient":""},"mobile":{"background-color":"","background-image":"","background-repeat":"repeat","background-position":"center center","background-size":"auto","background-attachment":"scroll","background-type":"","background-media":"","overlay-type":"","overlay-color":"","overlay-opacity":"","overlay-gradient":""}},"ast-content-background-meta":{"desktop":{"background-color":"var(--ast-global-color-5)","background-image":"","background-repeat":"repeat","background-position":"center center","background-size":"auto","background-attachment":"scroll","background-type":"","background-media":"","overlay-type":"","overlay-color":"","overlay-opacity":"","overlay-gradient":""},"tablet":{"background-color":"var(--ast-global-color-5)","background-image":"","background-repeat":"repeat","background-position":"center center","background-size":"auto","background-attachment":"scroll","background-type":"","background-media":"","overlay-type":"","overlay-color":"","overlay-opacity":"","overlay-gradient":""},"mobile":{"background-color":"var(--ast-global-color-5)","background-image":"","background-repeat":"repeat","background-position":"center center","background-size":"auto","background-attachment":"scroll","background-type":"","background-media":"","overlay-type":"","overlay-color":"","overlay-opacity":"","overlay-gradient":""}},"footnotes":""},"class_list":["post-9361","page","type-page","status-publish","has-post-thumbnail","hentry"],"acf":[],"_links":{"self":[{"href":"https:\/\/senegal-lib-tour.sn\/en\/wp-json\/wp\/v2\/pages\/9361","targetHints":{"allow":["GET"]}}],"collection":[{"href":"https:\/\/senegal-lib-tour.sn\/en\/wp-json\/wp\/v2\/pages"}],"about":[{"href":"https:\/\/senegal-lib-tour.sn\/en\/wp-json\/wp\/v2\/types\/page"}],"author":[{"embeddable":true,"href":"https:\/\/senegal-lib-tour.sn\/en\/wp-json\/wp\/v2\/users\/1"}],"replies":[{"embeddable":true,"href":"https:\/\/senegal-lib-tour.sn\/en\/wp-json\/wp\/v2\/comments?post=9361"}],"version-history":[{"count":3,"href":"https:\/\/senegal-lib-tour.sn\/en\/wp-json\/wp\/v2\/pages\/9361\/revisions"}],"predecessor-version":[{"id":13038,"href":"https:\/\/senegal-lib-tour.sn\/en\/wp-json\/wp\/v2\/pages\/9361\/revisions\/13038"}],"wp:featuredmedia":[{"embeddable":true,"href":"https:\/\/senegal-lib-tour.sn\/en\/wp-json\/wp\/v2\/media\/8638"}],"wp:attachment":[{"href":"https:\/\/senegal-lib-tour.sn\/en\/wp-json\/wp\/v2\/media?parent=9361"}],"curies":[{"name":"wp","href":"https:\/\/api.w.org\/{rel}","templated":true}]}}