{"id":11876,"date":"2026-03-24T03:11:06","date_gmt":"2026-03-24T02:11:06","guid":{"rendered":"https:\/\/senegal-lib-tour.sn\/?page_id=11876"},"modified":"2026-04-15T04:20:19","modified_gmt":"2026-04-15T02:20:19","slug":"nos-croisieres","status":"publish","type":"page","link":"https:\/\/senegal-lib-tour.sn\/es\/nos-croisieres\/","title":{"rendered":"Cruceros"},"content":{"rendered":"<h2 class=\"wp-block-heading\" style=\"font-size:22px;letter-spacing:0px\">Cruceros: un viaje excepcional a bordo del Bou el Mogdad<\/h2>\n\n\n\n<p>Descubra la tranquila belleza del r\u00edo Senegal a bordo del Bou el Mogdad, un emblem\u00e1tico barco que navega entre Saint-Louis, la antigua capital colonial, y Podor, a las puertas del S\u00e1hara.<br>Esta experiencia \u00fanica te lleva a recorrer la Ruta de los Comptoirs, al ritmo del r\u00edo y de sus grandiosos paisajes.<\/p>\n\n\n\n<p>Mientras navegas por el r\u00edo, d\u00e9jate seducir por:<\/p>\n\n\n\n<ul class=\"wp-block-list\">\n<li>paisajes \u00fanicos entre el r\u00edo, los manglares, las dunas y la sabana,<\/li>\n\n\n\n<li>una biodiversidad de una riqueza excepcional,<\/li>\n\n\n\n<li>c\u00e1lidos encuentros en los pueblos ribere\u00f1os,<\/li>\n\n\n\n<li>paradas culturales llenas de historia y autenticidad.<\/li>\n<\/ul>\n\n\n\n<p><strong>Informaci\u00f3n pr\u00e1ctica<\/strong><\/p>\n\n\n\n<p>Los cruceros se realizan de octubre a mayo, con salidas programadas todos los s\u00e1bados desde Saint-Louis o Podor, dependiendo del sentido del recorrido.<\/p>\n\n\n\n<p><\/p>","protected":false},"excerpt":{"rendered":"<p>Croisi\u00e8res \u2013 Voyage exceptionnel \u00e0 bord du Bou el Mogdad Explorez la beaut\u00e9 paisible du fleuve S\u00e9n\u00e9gal \u00e0 bord du Bou el Mogdad, un bateau embl\u00e9matique naviguant entre Saint-Louis, ancienne capitale coloniale, et Podor, aux portes du Sahara.Cette exp\u00e9rience unique vous transporte au fil de la Route des Comptoirs, au rythme du fleuve et de [&hellip;]<\/p>\n","protected":false},"author":1,"featured_media":11933,"parent":0,"menu_order":0,"comment_status":"closed","ping_status":"closed","template":"","meta":{"_acf_changed":false,"_seopress_robots_primary_cat":"","_seopress_titles_title":"%%post_title%% %%sep%% %%sitetitle%%","_seopress_titles_desc":"%%post_excerpt%%","_seopress_robots_index":"","site-sidebar-layout":"default","site-content-layout":"","ast-site-content-layout":"default","site-content-style":"default","site-sidebar-style":"default","ast-global-header-display":"","ast-banner-title-visibility":"","ast-main-header-display":"","ast-hfb-above-header-display":"","ast-hfb-below-header-display":"","ast-hfb-mobile-header-display":"","site-post-title":"","ast-breadcrumbs-content":"","ast-featured-img":"","footer-sml-layout":"","ast-disable-related-posts":"","theme-transparent-header-meta":"","adv-header-id-meta":"","stick-header-meta":"","header-above-stick-meta":"","header-main-stick-meta":"","header-below-stick-meta":"","astra-migrate-meta-layouts":"default","ast-page-background-enabled":"default","ast-page-background-meta":{"desktop":{"background-color":"var(--ast-global-color-4)","background-image":"","background-repeat":"repeat","background-position":"center center","background-size":"auto","background-attachment":"scroll","background-type":"","background-media":"","overlay-type":"","overlay-color":"","overlay-opacity":"","overlay-gradient":""},"tablet":{"background-color":"","background-image":"","background-repeat":"repeat","background-position":"center center","background-size":"auto","background-attachment":"scroll","background-type":"","background-media":"","overlay-type":"","overlay-color":"","overlay-opacity":"","overlay-gradient":""},"mobile":{"background-color":"","background-image":"","background-repeat":"repeat","background-position":"center center","background-size":"auto","background-attachment":"scroll","background-type":"","background-media":"","overlay-type":"","overlay-color":"","overlay-opacity":"","overlay-gradient":""}},"ast-content-background-meta":{"desktop":{"background-color":"var(--ast-global-color-5)","background-image":"","background-repeat":"repeat","background-position":"center center","background-size":"auto","background-attachment":"scroll","background-type":"","background-media":"","overlay-type":"","overlay-color":"","overlay-opacity":"","overlay-gradient":""},"tablet":{"background-color":"var(--ast-global-color-5)","background-image":"","background-repeat":"repeat","background-position":"center center","background-size":"auto","background-attachment":"scroll","background-type":"","background-media":"","overlay-type":"","overlay-color":"","overlay-opacity":"","overlay-gradient":""},"mobile":{"background-color":"var(--ast-global-color-5)","background-image":"","background-repeat":"repeat","background-position":"center center","background-size":"auto","background-attachment":"scroll","background-type":"","background-media":"","overlay-type":"","overlay-color":"","overlay-opacity":"","overlay-gradient":""}},"footnotes":""},"class_list":["post-11876","page","type-page","status-publish","has-post-thumbnail","hentry"],"acf":[],"_links":{"self":[{"href":"https:\/\/senegal-lib-tour.sn\/es\/wp-json\/wp\/v2\/pages\/11876","targetHints":{"allow":["GET"]}}],"collection":[{"href":"https:\/\/senegal-lib-tour.sn\/es\/wp-json\/wp\/v2\/pages"}],"about":[{"href":"https:\/\/senegal-lib-tour.sn\/es\/wp-json\/wp\/v2\/types\/page"}],"author":[{"embeddable":true,"href":"https:\/\/senegal-lib-tour.sn\/es\/wp-json\/wp\/v2\/users\/1"}],"replies":[{"embeddable":true,"href":"https:\/\/senegal-lib-tour.sn\/es\/wp-json\/wp\/v2\/comments?post=11876"}],"version-history":[{"count":2,"href":"https:\/\/senegal-lib-tour.sn\/es\/wp-json\/wp\/v2\/pages\/11876\/revisions"}],"predecessor-version":[{"id":13021,"href":"https:\/\/senegal-lib-tour.sn\/es\/wp-json\/wp\/v2\/pages\/11876\/revisions\/13021"}],"wp:featuredmedia":[{"embeddable":true,"href":"https:\/\/senegal-lib-tour.sn\/es\/wp-json\/wp\/v2\/media\/11933"}],"wp:attachment":[{"href":"https:\/\/senegal-lib-tour.sn\/es\/wp-json\/wp\/v2\/media?parent=11876"}],"curies":[{"name":"wp","href":"https:\/\/api.w.org\/{rel}","templated":true}]}}