{"id":2553,"date":"2022-03-18T07:06:48","date_gmt":"2022-03-18T07:06:48","guid":{"rendered":"http:\/\/senegalibtours.local\/?page_id=2553"},"modified":"2026-04-04T03:09:54","modified_gmt":"2026-04-04T01:09:54","slug":"qui-sommes-nous","status":"publish","type":"page","link":"https:\/\/senegal-lib-tour.sn\/es\/qui-sommes-nous\/","title":{"rendered":"Qui\u00e9nes somos"},"content":{"rendered":"<p>Mame Souleymane Diop, conocido como Jules, lleva 10 a\u00f1os en el negocio del turismo y tiene una probada experiencia en la acogida de visitantes. Ahora ha creado su propia agencia de viajes, SENEGALIB\u2019 TOURS, que ofrece una gama de servicios a la carta para que pueda viajar libremente por todo Senegal.<\/p>\n\n\n\n<p>En SENEGALIB\u2019 TOURS, la profesionalidad y la atenci\u00f3n al detalle son nuestras m\u00e1ximas prioridades cuando se trata de acoger a profesionales en misi\u00f3n o a turistas de vacaciones. Pero tambi\u00e9n se trata de las relaciones humanas y del placer de compartir momentos de convivencia. Muchos de nuestros visitantes han sido conquistados y se han convertido en amigos que animan a dar este nuevo paso profesional.<\/p>\n\n\n\n<p>SENEGALIB\u2019 TOURS tiene su sede en el coraz\u00f3n de Saint-Louis, una ciudad m\u00e1gica a escala humana entre el r\u00edo y el oc\u00e9ano, en la frontera entre Senegal y Mauritania. Saint-Louis ofrece al visitante la belleza de su arquitectura, la singularidad de su rica historia y la generosidad de sus gentes. No en vano es hoy la capital de la Teranga, <em>\u00abhospitalidad en wolof\u00bb<\/em> SENEGALIB\u2019 TOURS tiene oficinas en Saint-Louis y Dakar.<\/p>\n\n\n\n<h4 class=\"wp-block-heading\" style=\"margin-bottom:var(--wp--preset--spacing--40)\">Nuestros principios<\/h4>\n\n\n\n<ul class=\"wp-block-list\">\n<li>Mantenga siempre un contacto directo y amistoso<\/li>\n\n\n\n<li>Dar a los visitantes la oportunidad de conocer a los senegaleses y compartir su vida cotidiana.<\/li>\n\n\n\n<li>Ofrecer encuentros aut\u00e9nticos que combinen el descubrimiento de las culturas y tradiciones locales, la sensibilizaci\u00f3n sobre la belleza y la fragilidad del medio ambiente, el compartir y la solidaridad.<\/li>\n\n\n\n<li>Escuchar a nuestros clientes mientras buscamos nuevos servicios que ofrecerles.<\/li>\n<\/ul>","protected":false},"excerpt":{"rendered":"<p>About Travel Nomad Wholesome Travel Experiences A new journey begin here within, find a destination that suits you and start travelling. We offer best travel packages. As the travel market grows further in India so does issues of security and safety of foreigners travelling to India every year. Though government is doing its bit, there [&hellip;]<\/p>\n","protected":false},"author":1,"featured_media":12689,"parent":0,"menu_order":0,"comment_status":"closed","ping_status":"closed","template":"","meta":{"_acf_changed":false,"_seopress_robots_primary_cat":"","_seopress_titles_title":"%%post_title%% %%sep%% %%sitetitle%%","_seopress_titles_desc":"SENEGALIB' TOURS, agence de voyages bas\u00e9e \u00e0 Saint-Louis, vous propose une gamme de services \u00e0 la carte qui vous permet de voyager librement partout au S\u00e9n\u00e9gal.","_seopress_robots_index":"","site-sidebar-layout":"default","site-content-layout":"","ast-site-content-layout":"default","site-content-style":"default","site-sidebar-style":"default","ast-global-header-display":"","ast-banner-title-visibility":"","ast-main-header-display":"","ast-hfb-above-header-display":"","ast-hfb-below-header-display":"","ast-hfb-mobile-header-display":"","site-post-title":"","ast-breadcrumbs-content":"","ast-featured-img":"","footer-sml-layout":"","ast-disable-related-posts":"","theme-transparent-header-meta":"","adv-header-id-meta":"","stick-header-meta":"","header-above-stick-meta":"","header-main-stick-meta":"","header-below-stick-meta":"","astra-migrate-meta-layouts":"default","ast-page-background-enabled":"default","ast-page-background-meta":{"desktop":{"background-color":"var(--ast-global-color-4)","background-image":"","background-repeat":"repeat","background-position":"center center","background-size":"auto","background-attachment":"scroll","background-type":"","background-media":"","overlay-type":"","overlay-color":"","overlay-opacity":"","overlay-gradient":""},"tablet":{"background-color":"","background-image":"","background-repeat":"repeat","background-position":"center center","background-size":"auto","background-attachment":"scroll","background-type":"","background-media":"","overlay-type":"","overlay-color":"","overlay-opacity":"","overlay-gradient":""},"mobile":{"background-color":"","background-image":"","background-repeat":"repeat","background-position":"center center","background-size":"auto","background-attachment":"scroll","background-type":"","background-media":"","overlay-type":"","overlay-color":"","overlay-opacity":"","overlay-gradient":""}},"ast-content-background-meta":{"desktop":{"background-color":"var(--ast-global-color-5)","background-image":"","background-repeat":"repeat","background-position":"center center","background-size":"auto","background-attachment":"scroll","background-type":"","background-media":"","overlay-type":"","overlay-color":"","overlay-opacity":"","overlay-gradient":""},"tablet":{"background-color":"var(--ast-global-color-5)","background-image":"","background-repeat":"repeat","background-position":"center center","background-size":"auto","background-attachment":"scroll","background-type":"","background-media":"","overlay-type":"","overlay-color":"","overlay-opacity":"","overlay-gradient":""},"mobile":{"background-color":"var(--ast-global-color-5)","background-image":"","background-repeat":"repeat","background-position":"center center","background-size":"auto","background-attachment":"scroll","background-type":"","background-media":"","overlay-type":"","overlay-color":"","overlay-opacity":"","overlay-gradient":""}},"footnotes":""},"class_list":["post-2553","page","type-page","status-publish","has-post-thumbnail","hentry"],"acf":[],"_links":{"self":[{"href":"https:\/\/senegal-lib-tour.sn\/es\/wp-json\/wp\/v2\/pages\/2553","targetHints":{"allow":["GET"]}}],"collection":[{"href":"https:\/\/senegal-lib-tour.sn\/es\/wp-json\/wp\/v2\/pages"}],"about":[{"href":"https:\/\/senegal-lib-tour.sn\/es\/wp-json\/wp\/v2\/types\/page"}],"author":[{"embeddable":true,"href":"https:\/\/senegal-lib-tour.sn\/es\/wp-json\/wp\/v2\/users\/1"}],"replies":[{"embeddable":true,"href":"https:\/\/senegal-lib-tour.sn\/es\/wp-json\/wp\/v2\/comments?post=2553"}],"version-history":[{"count":0,"href":"https:\/\/senegal-lib-tour.sn\/es\/wp-json\/wp\/v2\/pages\/2553\/revisions"}],"wp:featuredmedia":[{"embeddable":true,"href":"https:\/\/senegal-lib-tour.sn\/es\/wp-json\/wp\/v2\/media\/12689"}],"wp:attachment":[{"href":"https:\/\/senegal-lib-tour.sn\/es\/wp-json\/wp\/v2\/media?parent=2553"}],"curies":[{"name":"wp","href":"https:\/\/api.w.org\/{rel}","templated":true}]}}