{"id":7330,"date":"2026-01-17T02:16:50","date_gmt":"2026-01-17T01:16:50","guid":{"rendered":"http:\/\/senegalibtours.local\/?page_id=7330"},"modified":"2026-04-04T06:51:06","modified_gmt":"2026-04-04T04:51:06","slug":"alojamiento","status":"publish","type":"page","link":"https:\/\/senegal-lib-tour.sn\/es\/alojamiento\/","title":{"rendered":"Alojamiento"},"content":{"rendered":"<p>Senegalib\u2019 Tours es una agencia receptiva especializada en alojamiento en Senegal y Gambia, que ofrece una cuidada selecci\u00f3n de opciones para estancias vacacionales y viajes de negocios. Cuenta con una amplia variedad de alojamientos, como hoteles, casas de hu\u00e9spedes, campamentos y lodges, adaptados a diferentes presupuestos y preferencias.<\/p>\n\n\n\n<p>Las principales zonas cubiertas incluyen Dakar y Gor\u00e9e, las inmediaciones del aeropuerto Blaise Diagne, Saly, Pointe Sar\u00e8ne, la Petite-C\u00f4te, as\u00ed como Saint-Louis, Thi\u00e8s, el Sine Saloum, la Casamance y el Senegal Oriental. Los clientes pueden elegir su alojamiento seg\u00fan sus preferencias.<\/p>\n\n\n\n<p><\/p>","protected":false},"excerpt":{"rendered":"<p>Senegalib&rsquo; Tours est une agence r\u00e9ceptive sp\u00e9cialis\u00e9e dans l&rsquo;h\u00e9bergement au S\u00e9n\u00e9gal et en Gambie, offrant une s\u00e9lection rigoureuse d&rsquo;options pour les s\u00e9jours de vacances et les voyages d&rsquo;affaires. Elle propose une vari\u00e9t\u00e9 d&rsquo;h\u00e9bergements, tels que des h\u00f4tels, des maisons d&rsquo;h\u00f4tes, des campements et des lodges, adapt\u00e9s \u00e0 diff\u00e9rents budgets et pr\u00e9f\u00e9rences. Les principales r\u00e9gions couvertes [&hellip;]<\/p>\n","protected":false},"author":1,"featured_media":12741,"parent":0,"menu_order":0,"comment_status":"closed","ping_status":"closed","template":"","meta":{"_acf_changed":false,"_seopress_robots_primary_cat":"","_seopress_titles_title":"","_seopress_titles_desc":"","_seopress_robots_index":"","site-sidebar-layout":"default","site-content-layout":"","ast-site-content-layout":"default","site-content-style":"default","site-sidebar-style":"default","ast-global-header-display":"","ast-banner-title-visibility":"","ast-main-header-display":"","ast-hfb-above-header-display":"","ast-hfb-below-header-display":"","ast-hfb-mobile-header-display":"","site-post-title":"","ast-breadcrumbs-content":"","ast-featured-img":"","footer-sml-layout":"","ast-disable-related-posts":"","theme-transparent-header-meta":"","adv-header-id-meta":"","stick-header-meta":"","header-above-stick-meta":"","header-main-stick-meta":"","header-below-stick-meta":"","astra-migrate-meta-layouts":"default","ast-page-background-enabled":"default","ast-page-background-meta":{"desktop":{"background-color":"var(--ast-global-color-4)","background-image":"","background-repeat":"repeat","background-position":"center center","background-size":"auto","background-attachment":"scroll","background-type":"","background-media":"","overlay-type":"","overlay-color":"","overlay-opacity":"","overlay-gradient":""},"tablet":{"background-color":"","background-image":"","background-repeat":"repeat","background-position":"center center","background-size":"auto","background-attachment":"scroll","background-type":"","background-media":"","overlay-type":"","overlay-color":"","overlay-opacity":"","overlay-gradient":""},"mobile":{"background-color":"","background-image":"","background-repeat":"repeat","background-position":"center center","background-size":"auto","background-attachment":"scroll","background-type":"","background-media":"","overlay-type":"","overlay-color":"","overlay-opacity":"","overlay-gradient":""}},"ast-content-background-meta":{"desktop":{"background-color":"var(--ast-global-color-5)","background-image":"","background-repeat":"repeat","background-position":"center center","background-size":"auto","background-attachment":"scroll","background-type":"","background-media":"","overlay-type":"","overlay-color":"","overlay-opacity":"","overlay-gradient":""},"tablet":{"background-color":"var(--ast-global-color-5)","background-image":"","background-repeat":"repeat","background-position":"center center","background-size":"auto","background-attachment":"scroll","background-type":"","background-media":"","overlay-type":"","overlay-color":"","overlay-opacity":"","overlay-gradient":""},"mobile":{"background-color":"var(--ast-global-color-5)","background-image":"","background-repeat":"repeat","background-position":"center center","background-size":"auto","background-attachment":"scroll","background-type":"","background-media":"","overlay-type":"","overlay-color":"","overlay-opacity":"","overlay-gradient":""}},"footnotes":""},"class_list":["post-7330","page","type-page","status-publish","has-post-thumbnail","hentry"],"acf":[],"_links":{"self":[{"href":"https:\/\/senegal-lib-tour.sn\/es\/wp-json\/wp\/v2\/pages\/7330","targetHints":{"allow":["GET"]}}],"collection":[{"href":"https:\/\/senegal-lib-tour.sn\/es\/wp-json\/wp\/v2\/pages"}],"about":[{"href":"https:\/\/senegal-lib-tour.sn\/es\/wp-json\/wp\/v2\/types\/page"}],"author":[{"embeddable":true,"href":"https:\/\/senegal-lib-tour.sn\/es\/wp-json\/wp\/v2\/users\/1"}],"replies":[{"embeddable":true,"href":"https:\/\/senegal-lib-tour.sn\/es\/wp-json\/wp\/v2\/comments?post=7330"}],"version-history":[{"count":0,"href":"https:\/\/senegal-lib-tour.sn\/es\/wp-json\/wp\/v2\/pages\/7330\/revisions"}],"wp:featuredmedia":[{"embeddable":true,"href":"https:\/\/senegal-lib-tour.sn\/es\/wp-json\/wp\/v2\/media\/12741"}],"wp:attachment":[{"href":"https:\/\/senegal-lib-tour.sn\/es\/wp-json\/wp\/v2\/media?parent=7330"}],"curies":[{"name":"wp","href":"https:\/\/api.w.org\/{rel}","templated":true}]}}