{"id":8253,"date":"2026-02-02T05:07:06","date_gmt":"2026-02-02T04:07:06","guid":{"rendered":"http:\/\/senegalibtours.local\/?page_id=8253"},"modified":"2026-04-10T01:56:24","modified_gmt":"2026-04-09T23:56:24","slug":"mentions-legales","status":"publish","type":"page","link":"https:\/\/senegal-lib-tour.sn\/es\/mentions-legales\/","title":{"rendered":"Aviso legal"},"content":{"rendered":"<p>Senegalib\u2019 Tours<br>Agencia de viajes y turismo con sede en Saint-Louis - Senegal<br>Direcci\u00f3n: 1 Rue Khalifa Ababacar Sy, Saint-Louis<br>Tel\u00e9fono: +221 33 961 01 03<br>Correo electr\u00f3nico: contact@senegalibtours.com<br>Director de la publicaci\u00f3n: Mame Souleymane Diop, conocido como Jules<\/p>\n\n\n\n<hr class=\"wp-block-separator has-alpha-channel-opacity\"\/>\n\n\n\n<h2 class=\"wp-block-heading\"><strong>Alojamiento web<\/strong><\/h2>\n\n\n\n<p>P\u00e1gina web <a href=\"https:\/\/senegal-lib-tour.sn\">senegal-lib-tour.sn<\/a> organizado por :<br>GRUPO OVH (OVHCLOUD)<br>Direcci\u00f3n: 2 RUE KELLERMANN 59100 ROUBAIX<\/p>\n\n\n\n<hr class=\"wp-block-separator has-alpha-channel-opacity\"\/>\n\n\n\n<h3 class=\"wp-block-heading\"><strong>Propiedad intelectual<\/strong><\/h3>\n\n\n\n<p>Todos los contenidos del sitio (textos, fotos, v\u00eddeos, logotipos, gr\u00e1ficos y elementos t\u00e9cnicos) est\u00e1n protegidos y son propiedad exclusiva de Senegalib\u2019 Tours.<br>Queda terminantemente prohibida toda reproducci\u00f3n o utilizaci\u00f3n no autorizada.<\/p>\n\n\n\n<hr class=\"wp-block-separator has-alpha-channel-opacity\"\/>\n\n\n\n<h3 class=\"wp-block-heading\"><strong>Recogida y protecci\u00f3n de datos<\/strong><\/h3>\n\n\n\n<p>Los datos transmitidos a trav\u00e9s del sitio web, WhatsApp o formularios (contacto, presupuesto, reserva) se utilizan \u00fanicamente para procesar las solicitudes.<br>No se vender\u00e1n ni se cambiar\u00e1n.<br>Puede solicitar su modificaci\u00f3n o supresi\u00f3n en: contact@senegalibtours.com.<\/p>\n\n\n\n<hr class=\"wp-block-separator has-alpha-channel-opacity\"\/>\n\n\n\n<h3 class=\"wp-block-heading\"><strong>Cookies<\/strong><\/h3>\n\n\n\n<p>El sitio utiliza cookies para mejorar la navegaci\u00f3n, analizar el n\u00famero de visitantes y optimizar la experiencia del usuario.<br>Puede desactivarlas a trav\u00e9s de la configuraci\u00f3n de su navegador.<\/p>\n\n\n\n<hr class=\"wp-block-separator has-alpha-channel-opacity\"\/>\n\n\n\n<h3 class=\"wp-block-heading\"><strong>Responsabilidad<\/strong><\/h3>\n\n\n\n<p>S\u00e9n\u00e9galib\u2019 Tours hace todo lo posible para que la informaci\u00f3n publicada est\u00e9 actualizada y sea exacta, pero no puede garantizar que no se produzcan errores ocasionales o interrupciones temporales en el sitio.<br>Los enlaces externos presentes en el sitio son responsabilidad de sus respectivos editores.<\/p>\n\n\n\n<hr class=\"wp-block-separator has-alpha-channel-opacity\"\/>\n\n\n\n<h3 class=\"wp-block-heading\">Contacto<\/h3>\n\n\n\n<p>Para todas las solicitudes relativas a avisos legales:<br>\ud83d\udce7 contact@senegalibtours.com<br>\ud83d\udcde +221 33 961 01 03<\/p>","protected":false},"excerpt":{"rendered":"<p>S\u00e9n\u00e9galib\u2019 ToursAgence de voyage et de tourisme bas\u00e9e \u00e0 Saint-Louis \u2013 S\u00e9n\u00e9galAdresse : 1 Rue Khalifa Ababacar Sy, Saint-LouisT\u00e9l\u00e9phone : +221 33 961 01 03E-mail : contact@senegalibtours.comDirecteur de publication : Mame Souleymane Diop, dit Jules H\u00e9bergement du site Site senegal-lib-tour.sn h\u00e9berg\u00e9 par :OVH GROUPE (OVHCLOUD)Adresse : 2 RUE KELLERMANN 59100 ROUBAIX Propri\u00e9t\u00e9 intellectuelle Tous les [&hellip;]<\/p>\n","protected":false},"author":1,"featured_media":0,"parent":0,"menu_order":0,"comment_status":"closed","ping_status":"closed","template":"","meta":{"_acf_changed":false,"_seopress_robots_primary_cat":"","_seopress_titles_title":"","_seopress_titles_desc":"","_seopress_robots_index":"","site-sidebar-layout":"default","site-content-layout":"","ast-site-content-layout":"default","site-content-style":"default","site-sidebar-style":"default","ast-global-header-display":"","ast-banner-title-visibility":"","ast-main-header-display":"","ast-hfb-above-header-display":"","ast-hfb-below-header-display":"","ast-hfb-mobile-header-display":"","site-post-title":"","ast-breadcrumbs-content":"","ast-featured-img":"","footer-sml-layout":"","ast-disable-related-posts":"","theme-transparent-header-meta":"","adv-header-id-meta":"","stick-header-meta":"","header-above-stick-meta":"","header-main-stick-meta":"","header-below-stick-meta":"","astra-migrate-meta-layouts":"default","ast-page-background-enabled":"default","ast-page-background-meta":{"desktop":{"background-color":"var(--ast-global-color-4)","background-image":"","background-repeat":"repeat","background-position":"center center","background-size":"auto","background-attachment":"scroll","background-type":"","background-media":"","overlay-type":"","overlay-color":"","overlay-opacity":"","overlay-gradient":""},"tablet":{"background-color":"","background-image":"","background-repeat":"repeat","background-position":"center center","background-size":"auto","background-attachment":"scroll","background-type":"","background-media":"","overlay-type":"","overlay-color":"","overlay-opacity":"","overlay-gradient":""},"mobile":{"background-color":"","background-image":"","background-repeat":"repeat","background-position":"center center","background-size":"auto","background-attachment":"scroll","background-type":"","background-media":"","overlay-type":"","overlay-color":"","overlay-opacity":"","overlay-gradient":""}},"ast-content-background-meta":{"desktop":{"background-color":"var(--ast-global-color-5)","background-image":"","background-repeat":"repeat","background-position":"center center","background-size":"auto","background-attachment":"scroll","background-type":"","background-media":"","overlay-type":"","overlay-color":"","overlay-opacity":"","overlay-gradient":""},"tablet":{"background-color":"var(--ast-global-color-5)","background-image":"","background-repeat":"repeat","background-position":"center center","background-size":"auto","background-attachment":"scroll","background-type":"","background-media":"","overlay-type":"","overlay-color":"","overlay-opacity":"","overlay-gradient":""},"mobile":{"background-color":"var(--ast-global-color-5)","background-image":"","background-repeat":"repeat","background-position":"center center","background-size":"auto","background-attachment":"scroll","background-type":"","background-media":"","overlay-type":"","overlay-color":"","overlay-opacity":"","overlay-gradient":""}},"footnotes":""},"class_list":["post-8253","page","type-page","status-publish","hentry"],"acf":[],"_links":{"self":[{"href":"https:\/\/senegal-lib-tour.sn\/es\/wp-json\/wp\/v2\/pages\/8253","targetHints":{"allow":["GET"]}}],"collection":[{"href":"https:\/\/senegal-lib-tour.sn\/es\/wp-json\/wp\/v2\/pages"}],"about":[{"href":"https:\/\/senegal-lib-tour.sn\/es\/wp-json\/wp\/v2\/types\/page"}],"author":[{"embeddable":true,"href":"https:\/\/senegal-lib-tour.sn\/es\/wp-json\/wp\/v2\/users\/1"}],"replies":[{"embeddable":true,"href":"https:\/\/senegal-lib-tour.sn\/es\/wp-json\/wp\/v2\/comments?post=8253"}],"version-history":[{"count":1,"href":"https:\/\/senegal-lib-tour.sn\/es\/wp-json\/wp\/v2\/pages\/8253\/revisions"}],"predecessor-version":[{"id":12986,"href":"https:\/\/senegal-lib-tour.sn\/es\/wp-json\/wp\/v2\/pages\/8253\/revisions\/12986"}],"wp:attachment":[{"href":"https:\/\/senegal-lib-tour.sn\/es\/wp-json\/wp\/v2\/media?parent=8253"}],"curies":[{"name":"wp","href":"https:\/\/api.w.org\/{rel}","templated":true}]}}