{"id":9353,"date":"2026-02-06T23:41:30","date_gmt":"2026-02-06T22:41:30","guid":{"rendered":"https:\/\/newsite.senegal-lib-tour.sn\/?page_id=9353"},"modified":"2026-03-28T00:10:35","modified_gmt":"2026-03-27T23:10:35","slug":"turismo-solidario","status":"publish","type":"page","link":"https:\/\/senegal-lib-tour.sn\/es\/turismo-solidario\/","title":{"rendered":"Turismo solidario"},"content":{"rendered":"<h3 class=\"wp-block-heading\" style=\"font-size:22px;letter-spacing:0px\">&nbsp;Contribuci\u00f3n solidaria<\/h3>\n\n\n\n<ul class=\"wp-block-list\">\n<li>Estancia de 7 d\u00edas: 10 % del coste de la estancia se dona directamente a la asociaci\u00f3n colaboradora.<\/li>\n\n\n\n<li>Estancia de 15 d\u00edas: 15 % del coste de la estancia se dona a la asociaci\u00f3n colaboradora.<\/li>\n\n\n\n<li>Estancias de un mes o m\u00e1s: 20 % del coste de la estancia se dona a la asociaci\u00f3n colaboradora.<\/li>\n<\/ul>\n\n\n\n<p>Esta contribuci\u00f3n, incluida en el precio, garantiza un impacto tangible, duradero y solidario, al tiempo que apoya la labor de la organizaci\u00f3n ben\u00e9fica elegida con los ni\u00f1os y las mujeres de Saint-Louis.<\/p>\n\n\n\n<hr class=\"wp-block-separator has-alpha-channel-opacity\"\/>\n\n\n\n<h2 class=\"wp-block-heading has-ast-global-color-1-color has-text-color has-link-color wp-elements-9d6bcb75e0a1c112c399efc5e63435d2\" style=\"font-size:26px\"><strong>Asociaciones colaboradoras<\/strong><\/h2>\n\n\n\n<h3 class=\"wp-block-heading\" style=\"font-size:22px\"><strong>Maison de la Gare &nbsp;<\/strong><a href=\"https:\/\/www.mdgsl.com\/\"><strong>www.mdgsl.com<\/strong><\/a><\/h3>\n\n\n\n<div class=\"wp-block-group is-nowrap is-layout-flex wp-container-core-group-is-layout-6c531013 wp-block-group-is-layout-flex\">\n<figure class=\"wp-block-image size-full is-resized has-custom-border\"><img fetchpriority=\"high\" decoding=\"async\" width=\"908\" height=\"248\" src=\"https:\/\/senegal-lib-tour.sn\/wp-content\/uploads\/2026\/03\/logo-maison-de-la-gare-senegal.jpg\" alt=\"logo maison de la gare senegal\" class=\"wp-image-12439\" style=\"border-top-left-radius:10px;border-top-right-radius:10px;border-bottom-left-radius:10px;border-bottom-right-radius:10px;width:400px\" srcset=\"https:\/\/senegal-lib-tour.sn\/wp-content\/uploads\/2026\/03\/logo-maison-de-la-gare-senegal.jpg 908w, https:\/\/senegal-lib-tour.sn\/wp-content\/uploads\/2026\/03\/logo-maison-de-la-gare-senegal-300x82.jpg 300w, https:\/\/senegal-lib-tour.sn\/wp-content\/uploads\/2026\/03\/logo-maison-de-la-gare-senegal-768x210.jpg 768w\" sizes=\"(max-width: 908px) 100vw, 908px\" data-no-translation=\"\" data-no-auto-translation=\"\" \/><\/figure>\n\n\n\n<figure class=\"wp-block-image size-large is-resized has-custom-border\"><img decoding=\"async\" width=\"1024\" height=\"683\" src=\"https:\/\/senegal-lib-tour.sn\/wp-content\/uploads\/2026\/03\/maison-de-la-gare-Yaakar-internat-Senegal-1024x683.jpg\" alt=\"maison de la gare yaakar internat senegal\" class=\"wp-image-12440\" style=\"border-top-left-radius:10px;border-top-right-radius:10px;border-bottom-left-radius:10px;border-bottom-right-radius:10px;width:400px\" srcset=\"https:\/\/senegal-lib-tour.sn\/wp-content\/uploads\/2026\/03\/maison-de-la-gare-Yaakar-internat-Senegal-1024x683.jpg 1024w, https:\/\/senegal-lib-tour.sn\/wp-content\/uploads\/2026\/03\/maison-de-la-gare-Yaakar-internat-Senegal-300x200.jpg 300w, https:\/\/senegal-lib-tour.sn\/wp-content\/uploads\/2026\/03\/maison-de-la-gare-Yaakar-internat-Senegal-768x512.jpg 768w, https:\/\/senegal-lib-tour.sn\/wp-content\/uploads\/2026\/03\/maison-de-la-gare-Yaakar-internat-Senegal-1536x1024.jpg 1536w, https:\/\/senegal-lib-tour.sn\/wp-content\/uploads\/2026\/03\/maison-de-la-gare-Yaakar-internat-Senegal.jpg 1600w\" sizes=\"(max-width: 1024px) 100vw, 1024px\" data-no-translation=\"\" data-no-auto-translation=\"\" \/><\/figure>\n\n\n\n<p><a href=\"https:\/\/www.mdgsl.com\/\"><\/a>Creada en Saint-Louis en 2007, la Maison de la Gare trabaja para proteger y reintegrar a los ni\u00f1os talib\u00e9s, a menudo abandonados a su suerte en la calle.<br>La asociaci\u00f3n ofrece un espacio de acogida, clases de alfabetizaci\u00f3n, un centro de atenci\u00f3n y formaci\u00f3n profesional (carpinter\u00eda, costura, jardiner\u00eda) para ayudarles a ser autosuficientes.<br>Cada a\u00f1o, miles de ni\u00f1os se benefician de este apoyo, escucha y educaci\u00f3n.<\/p>\n<\/div>\n\n\n\n<h3 class=\"wp-block-heading\" style=\"font-size:22px\"><strong>La Liane <\/strong><a href=\"https:\/\/www.laliane.eu\/\"><strong>www.laliane.eu<\/strong><\/a><\/h3>\n\n\n\n<p><a href=\"https:\/\/www.laliane.eu\/\"><\/a><\/p>\n\n\n\n<div class=\"wp-block-group is-nowrap is-layout-flex wp-container-core-group-is-layout-6c531013 wp-block-group-is-layout-flex\">\n<figure class=\"wp-block-image size-large has-custom-border\"><img decoding=\"async\" width=\"397\" height=\"471\" src=\"https:\/\/senegal-lib-tour.sn\/wp-content\/uploads\/2026\/03\/laliane-logo.jpeg\" alt=\"laliane logo\" class=\"wp-image-12432\" style=\"border-top-left-radius:10px;border-top-right-radius:10px;border-bottom-left-radius:10px;border-bottom-right-radius:10px;object-fit:cover\" srcset=\"https:\/\/senegal-lib-tour.sn\/wp-content\/uploads\/2026\/03\/laliane-logo.jpeg 397w, https:\/\/senegal-lib-tour.sn\/wp-content\/uploads\/2026\/03\/laliane-logo-253x300.jpeg 253w\" sizes=\"(max-width: 397px) 100vw, 397px\" data-no-translation=\"\" data-no-auto-translation=\"\" \/><\/figure>\n\n\n\n<figure class=\"wp-block-image size-large is-resized has-custom-border is-style-default\"><img loading=\"lazy\" decoding=\"async\" width=\"1024\" height=\"768\" src=\"https:\/\/senegal-lib-tour.sn\/wp-content\/uploads\/2026\/03\/enfants-educateur-la-liane-senegal.jpg\" alt=\"enfants educateur la liane senegal\" class=\"wp-image-12433\" style=\"border-top-left-radius:10px;border-top-right-radius:10px;border-bottom-left-radius:10px;border-bottom-right-radius:10px;width:400px\" srcset=\"https:\/\/senegal-lib-tour.sn\/wp-content\/uploads\/2026\/03\/enfants-educateur-la-liane-senegal.jpg 1024w, https:\/\/senegal-lib-tour.sn\/wp-content\/uploads\/2026\/03\/enfants-educateur-la-liane-senegal-300x225.jpg 300w, https:\/\/senegal-lib-tour.sn\/wp-content\/uploads\/2026\/03\/enfants-educateur-la-liane-senegal-768x576.jpg 768w\" sizes=\"(max-width: 1024px) 100vw, 1024px\" data-no-translation=\"\" data-no-auto-translation=\"\" \/><\/figure>\n\n\n\n<p>La Liane es una asociaci\u00f3n franco-senegalesa fundada en 2006. Acoge y apoya a ni\u00f1os y mujeres vulnerables con dificultades en Saint-Louis.<br>Sus actividades incluyen alojamiento de emergencia, apoyo educativo, formaci\u00f3n artesanal (especialmente en el Atelier des Femmes) y programas de integraci\u00f3n econ\u00f3mica.<br>Fomenta la reinserci\u00f3n social al tiempo que promueve la solidaridad femenina y el trabajo manual.<\/p>\n<\/div>\n\n\n\n<hr class=\"wp-block-separator has-alpha-channel-opacity is-style-wide\"\/>\n\n\n\n<p>\u00a9 : fotos de <a href=\"https:\/\/commons.wikimedia.org\/w\/index.php?title=User:Njialege&amp;action=edit&amp;redlink=1\">Georges Hermann Njiale Njiale<\/a>, <a href=\"https:\/\/commons.wikimedia.org\/wiki\/File:RURAL_WOMEN_FEEDING_SENEGAL.jpg\" data-type=\"link\" data-id=\"https:\/\/commons.wikimedia.org\/wiki\/File:RURAL_WOMEN_FEEDING_SENEGAL.jpg\">Habib houndekindo<\/a>, <a href=\"https:\/\/commons.wikimedia.org\/wiki\/File:Jeux_de_plonge.jpg\" data-type=\"link\" data-id=\"https:\/\/commons.wikimedia.org\/wiki\/File:Jeux_de_plonge.jpg\">Layedoubaye11<\/a><\/p>\n\n\n\n<p><\/p>","protected":false},"excerpt":{"rendered":"<p>&nbsp;Contribution solidaire Cette contribution, incluse dans le tarif, garantit un impact concret, durable et solidaire, tout en soutenant les actions de l\u2019association choisie aupr\u00e8s des enfants et des femmes de Saint-Louis. Les associations partenaires Maison de la Gare &nbsp;www.mdgsl.com Cr\u00e9\u00e9e en 2007 \u00e0 Saint-Louis, Maison de la Gare \u0153uvre pour la protection et la r\u00e9insertion [&hellip;]<\/p>\n","protected":false},"author":1,"featured_media":12245,"parent":0,"menu_order":0,"comment_status":"closed","ping_status":"closed","template":"","meta":{"_acf_changed":false,"_seopress_robots_primary_cat":"","_seopress_titles_title":"%%post_title%% %%sep%% %%sitetitle%%","_seopress_titles_desc":"%%post_excerpt%%","_seopress_robots_index":"","site-sidebar-layout":"default","site-content-layout":"","ast-site-content-layout":"default","site-content-style":"default","site-sidebar-style":"default","ast-global-header-display":"","ast-banner-title-visibility":"","ast-main-header-display":"","ast-hfb-above-header-display":"","ast-hfb-below-header-display":"","ast-hfb-mobile-header-display":"","site-post-title":"","ast-breadcrumbs-content":"","ast-featured-img":"","footer-sml-layout":"","ast-disable-related-posts":"","theme-transparent-header-meta":"","adv-header-id-meta":"","stick-header-meta":"","header-above-stick-meta":"","header-main-stick-meta":"","header-below-stick-meta":"","astra-migrate-meta-layouts":"default","ast-page-background-enabled":"default","ast-page-background-meta":{"desktop":{"background-color":"var(--ast-global-color-4)","background-image":"","background-repeat":"repeat","background-position":"center center","background-size":"auto","background-attachment":"scroll","background-type":"","background-media":"","overlay-type":"","overlay-color":"","overlay-opacity":"","overlay-gradient":""},"tablet":{"background-color":"","background-image":"","background-repeat":"repeat","background-position":"center center","background-size":"auto","background-attachment":"scroll","background-type":"","background-media":"","overlay-type":"","overlay-color":"","overlay-opacity":"","overlay-gradient":""},"mobile":{"background-color":"","background-image":"","background-repeat":"repeat","background-position":"center center","background-size":"auto","background-attachment":"scroll","background-type":"","background-media":"","overlay-type":"","overlay-color":"","overlay-opacity":"","overlay-gradient":""}},"ast-content-background-meta":{"desktop":{"background-color":"var(--ast-global-color-5)","background-image":"","background-repeat":"repeat","background-position":"center center","background-size":"auto","background-attachment":"scroll","background-type":"","background-media":"","overlay-type":"","overlay-color":"","overlay-opacity":"","overlay-gradient":""},"tablet":{"background-color":"var(--ast-global-color-5)","background-image":"","background-repeat":"repeat","background-position":"center center","background-size":"auto","background-attachment":"scroll","background-type":"","background-media":"","overlay-type":"","overlay-color":"","overlay-opacity":"","overlay-gradient":""},"mobile":{"background-color":"var(--ast-global-color-5)","background-image":"","background-repeat":"repeat","background-position":"center center","background-size":"auto","background-attachment":"scroll","background-type":"","background-media":"","overlay-type":"","overlay-color":"","overlay-opacity":"","overlay-gradient":""}},"footnotes":""},"class_list":["post-9353","page","type-page","status-publish","has-post-thumbnail","hentry"],"acf":[],"_links":{"self":[{"href":"https:\/\/senegal-lib-tour.sn\/es\/wp-json\/wp\/v2\/pages\/9353","targetHints":{"allow":["GET"]}}],"collection":[{"href":"https:\/\/senegal-lib-tour.sn\/es\/wp-json\/wp\/v2\/pages"}],"about":[{"href":"https:\/\/senegal-lib-tour.sn\/es\/wp-json\/wp\/v2\/types\/page"}],"author":[{"embeddable":true,"href":"https:\/\/senegal-lib-tour.sn\/es\/wp-json\/wp\/v2\/users\/1"}],"replies":[{"embeddable":true,"href":"https:\/\/senegal-lib-tour.sn\/es\/wp-json\/wp\/v2\/comments?post=9353"}],"version-history":[{"count":0,"href":"https:\/\/senegal-lib-tour.sn\/es\/wp-json\/wp\/v2\/pages\/9353\/revisions"}],"wp:featuredmedia":[{"embeddable":true,"href":"https:\/\/senegal-lib-tour.sn\/es\/wp-json\/wp\/v2\/media\/12245"}],"wp:attachment":[{"href":"https:\/\/senegal-lib-tour.sn\/es\/wp-json\/wp\/v2\/media?parent=9353"}],"curies":[{"name":"wp","href":"https:\/\/api.w.org\/{rel}","templated":true}]}}