{"id":9361,"date":"2026-02-06T23:49:33","date_gmt":"2026-02-06T22:49:33","guid":{"rendered":"https:\/\/newsite.senegal-lib-tour.sn\/?page_id=9361"},"modified":"2026-04-15T04:43:12","modified_gmt":"2026-04-15T02:43:12","slug":"voyages-dentreprise","status":"publish","type":"page","link":"https:\/\/senegal-lib-tour.sn\/es\/voyages-dentreprise\/","title":{"rendered":"Viajes de empresa a Senegal"},"content":{"rendered":"<p>Sum\u00e9rjase en el mundo de los negocios gracias a nuestra experiencia en la organizaci\u00f3n de eventos corporativos a medida, viajes de incentivo, team building y seminarios.<\/p>\n\n\n\n<p>Desde su llegada al Aeropuerto Internacional Blaise Diagne (AIBD), nuestro equipo de asistencia le acompa\u00f1ar\u00e1 con profesionalidad. Aproveche nuestro servicio de transporte de alta gama y explore la flexibilidad con nuestras opciones de alquiler de coches. Desde un alojamiento cuidadosamente seleccionado hasta modernas salas de reuniones y opciones de catering personalizadas, todos los aspectos de su evento est\u00e1n dise\u00f1ados para que sea memorable.<\/p>\n\n\n\n<p>Disfrute de una experiencia de viaje corporativo sin estr\u00e9s, en la que se cuidan todos los detalles para orquestar eventos excepcionales que combinen productividad y placer.<\/p>\n\n\n\n<p>Nuestra oferta de viajes corporativos va m\u00e1s all\u00e1 de la simple organizaci\u00f3n de eventos, incorporando descubrimientos culturales fuera del horario laboral. Ofrezca a sus participantes la posibilidad de ampliar su experiencia con excursiones personalizadas antes de regresar a casa, convirtiendo su evento en una experiencia completa e inolvidable.<\/p>\n\n\n\n<p><strong>Explore Senegal con estilo, donde cada detalle ha sido pensado para hacer de su viaje una experiencia excepcional.<\/strong><\/p>","protected":false},"excerpt":{"rendered":"<p>Plongez dans le monde des affaires gr\u00e2ce \u00e0 notre expertise pour organiser sur mesure vos \u00e9v\u00e9nements d&rsquo;entreprise, voyages incentives, team buildings et s\u00e9minaires. D\u00e8s votre arriv\u00e9e \u00e0 l\u2019a\u00e9roport international Blaise Diagne (AIBD), notre \u00e9quipe d\u2019assistance vous accompagne avec professionnalisme. Profitez de notre service de transport haut de gamme et explorez la flexibilit\u00e9 avec nos options [&hellip;]<\/p>\n","protected":false},"author":1,"featured_media":8638,"parent":0,"menu_order":0,"comment_status":"closed","ping_status":"closed","template":"","meta":{"_acf_changed":false,"_seopress_robots_primary_cat":"","_seopress_titles_title":"%%post_title%% %%sep%% Team building, S\u00e9minaires %%sitetitle%%","_seopress_titles_desc":"Gr\u00e2ce \u00e0 son expertise S\u00e9n\u00e9galib' Tours organise sur mesure vos \u00e9v\u00e9nements d'entreprise, voyages incentives, team buildings et s\u00e9minaires.","_seopress_robots_index":"","site-sidebar-layout":"default","site-content-layout":"","ast-site-content-layout":"default","site-content-style":"default","site-sidebar-style":"default","ast-global-header-display":"","ast-banner-title-visibility":"","ast-main-header-display":"","ast-hfb-above-header-display":"","ast-hfb-below-header-display":"","ast-hfb-mobile-header-display":"","site-post-title":"","ast-breadcrumbs-content":"","ast-featured-img":"","footer-sml-layout":"","ast-disable-related-posts":"","theme-transparent-header-meta":"","adv-header-id-meta":"","stick-header-meta":"","header-above-stick-meta":"","header-main-stick-meta":"","header-below-stick-meta":"","astra-migrate-meta-layouts":"default","ast-page-background-enabled":"default","ast-page-background-meta":{"desktop":{"background-color":"var(--ast-global-color-4)","background-image":"","background-repeat":"repeat","background-position":"center center","background-size":"auto","background-attachment":"scroll","background-type":"","background-media":"","overlay-type":"","overlay-color":"","overlay-opacity":"","overlay-gradient":""},"tablet":{"background-color":"","background-image":"","background-repeat":"repeat","background-position":"center center","background-size":"auto","background-attachment":"scroll","background-type":"","background-media":"","overlay-type":"","overlay-color":"","overlay-opacity":"","overlay-gradient":""},"mobile":{"background-color":"","background-image":"","background-repeat":"repeat","background-position":"center center","background-size":"auto","background-attachment":"scroll","background-type":"","background-media":"","overlay-type":"","overlay-color":"","overlay-opacity":"","overlay-gradient":""}},"ast-content-background-meta":{"desktop":{"background-color":"var(--ast-global-color-5)","background-image":"","background-repeat":"repeat","background-position":"center center","background-size":"auto","background-attachment":"scroll","background-type":"","background-media":"","overlay-type":"","overlay-color":"","overlay-opacity":"","overlay-gradient":""},"tablet":{"background-color":"var(--ast-global-color-5)","background-image":"","background-repeat":"repeat","background-position":"center center","background-size":"auto","background-attachment":"scroll","background-type":"","background-media":"","overlay-type":"","overlay-color":"","overlay-opacity":"","overlay-gradient":""},"mobile":{"background-color":"var(--ast-global-color-5)","background-image":"","background-repeat":"repeat","background-position":"center center","background-size":"auto","background-attachment":"scroll","background-type":"","background-media":"","overlay-type":"","overlay-color":"","overlay-opacity":"","overlay-gradient":""}},"footnotes":""},"class_list":["post-9361","page","type-page","status-publish","has-post-thumbnail","hentry"],"acf":[],"_links":{"self":[{"href":"https:\/\/senegal-lib-tour.sn\/es\/wp-json\/wp\/v2\/pages\/9361","targetHints":{"allow":["GET"]}}],"collection":[{"href":"https:\/\/senegal-lib-tour.sn\/es\/wp-json\/wp\/v2\/pages"}],"about":[{"href":"https:\/\/senegal-lib-tour.sn\/es\/wp-json\/wp\/v2\/types\/page"}],"author":[{"embeddable":true,"href":"https:\/\/senegal-lib-tour.sn\/es\/wp-json\/wp\/v2\/users\/1"}],"replies":[{"embeddable":true,"href":"https:\/\/senegal-lib-tour.sn\/es\/wp-json\/wp\/v2\/comments?post=9361"}],"version-history":[{"count":3,"href":"https:\/\/senegal-lib-tour.sn\/es\/wp-json\/wp\/v2\/pages\/9361\/revisions"}],"predecessor-version":[{"id":13038,"href":"https:\/\/senegal-lib-tour.sn\/es\/wp-json\/wp\/v2\/pages\/9361\/revisions\/13038"}],"wp:featuredmedia":[{"embeddable":true,"href":"https:\/\/senegal-lib-tour.sn\/es\/wp-json\/wp\/v2\/media\/8638"}],"wp:attachment":[{"href":"https:\/\/senegal-lib-tour.sn\/es\/wp-json\/wp\/v2\/media?parent=9361"}],"curies":[{"name":"wp","href":"https:\/\/api.w.org\/{rel}","templated":true}]}}